{"id":136,"date":"2020-05-26T15:09:03","date_gmt":"2020-05-26T15:09:03","guid":{"rendered":"https:\/\/www.cooperativacemcop.com\/site\/?page_id=136"},"modified":"2024-12-30T12:52:07","modified_gmt":"2024-12-30T12:52:07","slug":"salud","status":"publish","type":"page","link":"https:\/\/cooperativacemcop.com\/site\/seguros-y-polizas\/salud\/","title":{"rendered":"Salud"},"content":{"rendered":"<div class=\"wpb-content-wrapper\"><p>[vc_section full_width=\u00bbstretch_row_content\u00bb content_placement=\u00bbbottom\u00bb el_class=\u00bbheader_page\u00bb css=\u00bb.vc_custom_1591020865816{background-image: url(https:\/\/www.cooperativacemcop.com\/site\/wp-content\/uploads\/2020\/06\/banner_sin_filtrp.jpg?id=323) !important;}\u00bb][vc_row full_width=\u00bbstretch_row_content_no_spaces\u00bb content_placement=\u00bbmiddle\u00bb el_class=\u00bbfiltro azul\u00bb css=\u00bb.vc_custom_1590772223312{padding-top: 30px !important;padding-bottom: 30px !important;}\u00bb][vc_column][vc_row_inner content_placement=\u00bbmiddle\u00bb el_class=\u00bbcontainer titulo_principal\u00bb][vc_column_inner width=\u00bb1\/2&#8243;][vc_single_image image=\u00bb294&#8243; img_size=\u00bbfull\u00bb][\/vc_column_inner][vc_column_inner width=\u00bb1\/2&#8243;][vc_custom_heading text=\u00bbSeguros y p\u00f3lizas &#8211; Salud\u00bb font_container=\u00bbtag:h2|text_align:center|color:%23ffffff\u00bb use_theme_fonts=\u00bbyes\u00bb css_animation=\u00bbnone\u00bb][\/vc_column_inner][\/vc_row_inner][vc_row_inner el_class=\u00bbcontainer\u00bb][vc_column_inner][vc_column_text css_animation=\u00bbnone\u00bb]<\/p>\n<p style=\"text-align: center;\">Si sales con frecuencia fuera del pa\u00eds por motivos de trabajo, o simplemente disfrutas de viajar y conocer el mundo, esta es la opci\u00f3n<\/p>\n<p>[\/vc_column_text][\/vc_column_inner][\/vc_row_inner][\/vc_column][\/vc_row][\/vc_section][vc_section full_width=\u00bbstretch_row_content\u00bb el_class=\u00bbsection_full_gris\u00bb][vc_row el_class=\u00bbcontainer padding-0&#8243; css=\u00bb.vc_custom_1590770526085{padding-top: 30px !important;padding-bottom: 0px !important;}\u00bb][vc_column width=\u00bb5\/12&#8243;][vc_row_inner][vc_column_inner][vc_column_text css_animation=\u00bbfadeInUp\u00bb]<strong>\u00bfQu\u00e9 cubrimos?<\/strong><\/p>\n<p><strong><span class=\"colombia\">Coberturas en Colombia<\/span><\/strong><\/p>\n<p>&#8211; Habitaci\u00f3n individual con o sin sala, con cama de acompa\u00f1ante en caso de ser hospitalizado.<\/p>\n<p>&#8211; Acceso ilimitado a la unidad de cuidados intensivos.<\/p>\n<p>&#8211; Honorarios por visitas m\u00e9dicas hospitalarias.<\/p>\n<p>&#8211; Honorarios quir\u00fargicos y de anestesi\u00f3logo.<\/p>\n<p>&#8211; Gastos intrahospitalarios.<\/p>\n<p>&#8211; Gastos de pr\u00f3tesis, cardiodesfibrilador, marcapasos y estimulador de m\u00e9dula espinal.<\/p>\n<p>&#8211; Trasplantes y donaci\u00f3n de \u00f3rganos.<\/p>\n<p>-Maternidad, complicaciones y atenci\u00f3n del parto.<\/p>\n<p>&#8211; Medicamentos y ex\u00e1menes de laboratorio pre y pos hospitalarios o quir\u00fargicos.<\/p>\n<p>&#8211; Enfermera especial post hospitalaria o post cirug\u00eda por solicitud del especialista hasta 20 d\u00edas por evento.<\/p>\n<p>&#8211; Cirug\u00edas ambulatorias y tratamiento de fracturas, luxaciones, esguinces, quemaduras, mordeduras y suturas por heridas.[\/vc_column_text][\/vc_column_inner][\/vc_row_inner][\/vc_column][vc_column width=\u00bb1\/6&#8243;][\/vc_column][vc_column width=\u00bb5\/12&#8243;][vc_row_inner][vc_column_inner][vc_column_text css_animation=\u00bbfadeInUp\u00bb]- Medicamentos secundarios a las sesiones de quimioterapia, radioterapia u hormonoterapia<\/p>\n<p>-Tratamiento m\u00e9dico ambulatorio y hospitalario por c\u00e1ncer o leucemia.<\/p>\n<p>&#8211; Hemodi\u00e1lisis y di\u00e1lisis peritoneal.<\/p>\n<p>&#8211; Tratamiento m\u00e9dico ambulatorio y hospitalario por VIH o Sida.<\/p>\n<p>&#8211; Ex\u00e1menes de imagenolog\u00eda o radiol\u00f3gicos.<\/p>\n<p>&#8211; Laboratorio cl\u00ednico y patol\u00f3gico.<\/p>\n<p>&#8211; Infiltraciones ortop\u00e9dicas de corticoides, intratimp\u00e1nicas y dermatol\u00f3gicas exceptuando las queloides o aquellas que se consideren est\u00e9ticas.<\/p>\n<p>&#8211; Terapias ilimitadas f\u00edsicas, respiratorias, cardiacas, entre otras.<\/p>\n<p>&#8211; Nebulizaciones.<\/p>\n<p>&#8211; Plan de atenci\u00f3n m\u00e9dica domiciliaria en casa.<\/p>\n<p>&#8211; Gastos funerarios.[\/vc_column_text][\/vc_column_inner][\/vc_row_inner][\/vc_column][\/vc_row][\/vc_section][vc_section full_width=\u00bbstretch_row_content\u00bb el_class=\u00bbbackground_left_full\u00bb css=\u00bb.vc_custom_1591019772485{background-image: url(https:\/\/www.cooperativacemcop.com\/site\/wp-content\/uploads\/2020\/06\/banner_inferior.jpg?id=312) !important;}\u00bb][vc_row el_class=\u00bbcontainer padding-0&#8243;][vc_column width=\u00bb1\/2&#8243;][\/vc_column][vc_column width=\u00bb1\/12&#8243;][\/vc_column][vc_column width=\u00bb5\/12&#8243;][vc_column_text css_animation=\u00bbfadeInUp\u00bb css=\u00bb.vc_custom_1591020354555{padding-top: 60px !important;padding-bottom: 40px !important;}\u00bb]<strong><span class=\"coberturas\">Coberturas en el extranjero<\/span><\/strong><\/p>\n<p>&#8211; Habitaci\u00f3n semiprivada.<\/p>\n<p>&#8211; Unidad de cuidados intensivos.<\/p>\n<p>&#8211; Gastos intrahospitalarios.<\/p>\n<p>&#8211; Ex\u00e1menes de imagenolog\u00eda o radiol\u00f3gicos.<\/p>\n<p>&#8211; Tratamiento m\u00e9dico ambulatorio u hospitalario por c\u00e1ncer o leucemia.<br \/>\n&#8211; Hemodi\u00e1lisis y di\u00e1lisis peritoneal.<\/p>\n<p>&#8211; Cirug\u00edas ambulatorias por fracturas, luxaciones y esguinces.[\/vc_column_text][\/vc_column][\/vc_row][\/vc_section][vc_section][vc_row][vc_column][vc_column_text css_animation=\u00bbfadeInUp\u00bb css=\u00bb.vc_custom_1591020530797{padding-top: 50px !important;padding-bottom: 0px !important;}\u00bb]<strong>Coberturas opcionales:<\/strong><\/p>\n<p>Podr\u00e1s tener acceso a estas coberturas por medio del pago de un dinero adicional a tu cuota.<\/p>\n<p><strong>Consulta externa:<\/strong><\/p>\n<p>Urgencias por enfermedad Emergencia m\u00e9dica domiciliaria Incapacidad diaria.[\/vc_column_text][\/vc_column][\/vc_row][\/vc_section][vc_section full_width=\u00bbstretch_row_content\u00bb content_placement=\u00bbbottom\u00bb el_class=\u00bbsection_full_gris abajo\u00bb css=\u00bb.vc_custom_1590770183033{margin-bottom: 10px !important;}\u00bb][vc_row content_placement=\u00bbbottom\u00bb el_class=\u00bbcontainer padding-0&#8243; css=\u00bb.vc_custom_1590769756290{padding-top: 30px !important;padding-bottom: 40px !important;}\u00bb][vc_column width=\u00bb1\/2&#8243;][vc_row_inner content_placement=\u00bbbottom\u00bb][vc_column_inner][vc_column_text css_animation=\u00bbfadeInUp\u00bb]<strong>Ampl\u00eda toda la informaci\u00f3n con:<\/strong><br \/>\n<strong>Carlos Alvarado<\/strong><br \/>\n<strong>Asesor de Seguros<\/strong><br \/>\n<strong>seguroscemcop@aon.com<\/strong><br \/>\n<strong>Tel\u00e9fono: 4890582 Ext 6764<\/strong><br \/>\n<strong>Celular: 317 6551204<\/strong><\/p>\n<p>HORARIO DE ATENCI\u00d3N OFICINAS CEMCOP:<br \/>\nLunes a Viernes<br \/>\n8:00am a 12:00m y de 1:00pm a 4:00pm[\/vc_column_text][\/vc_column_inner][\/vc_row_inner][\/vc_column][vc_column width=\u00bb1\/2&#8243;][vc_single_image image=\u00bb269&#8243; img_size=\u00bbfull\u00bb alignment=\u00bbcenter\u00bb][\/vc_column][\/vc_row][\/vc_section]<\/p>\n<\/div>","protected":false},"excerpt":{"rendered":"<p>[vc_section full_width=\u00bbstretch_row_content\u00bb content_placement=\u00bbbottom\u00bb el_class=\u00bbheader_page\u00bb css=\u00bb.vc_custom_1591020865816{background-image: url(https:\/\/www.cooperativacemcop.com\/site\/wp-content\/uploads\/2020\/06\/banner_sin_filtrp.jpg?id=323) !important;}\u00bb][vc_row full_width=\u00bbstretch_row_content_no_spaces\u00bb content_placement=\u00bbmiddle\u00bb el_class=\u00bbfiltro azul\u00bb css=\u00bb.vc_custom_1590772223312{padding-top: 30px !important;padding-bottom: 30px [&hellip;]<\/p>\n","protected":false},"author":1,"featured_media":0,"parent":131,"menu_order":0,"comment_status":"closed","ping_status":"closed","template":"","meta":{"_acf_changed":false,"footnotes":""},"acf":[],"_links":{"self":[{"href":"https:\/\/cooperativacemcop.com\/site\/wp-json\/wp\/v2\/pages\/136"}],"collection":[{"href":"https:\/\/cooperativacemcop.com\/site\/wp-json\/wp\/v2\/pages"}],"about":[{"href":"https:\/\/cooperativacemcop.com\/site\/wp-json\/wp\/v2\/types\/page"}],"author":[{"embeddable":true,"href":"https:\/\/cooperativacemcop.com\/site\/wp-json\/wp\/v2\/users\/1"}],"replies":[{"embeddable":true,"href":"https:\/\/cooperativacemcop.com\/site\/wp-json\/wp\/v2\/comments?post=136"}],"version-history":[{"count":1,"href":"https:\/\/cooperativacemcop.com\/site\/wp-json\/wp\/v2\/pages\/136\/revisions"}],"predecessor-version":[{"id":3278,"href":"https:\/\/cooperativacemcop.com\/site\/wp-json\/wp\/v2\/pages\/136\/revisions\/3278"}],"up":[{"embeddable":true,"href":"https:\/\/cooperativacemcop.com\/site\/wp-json\/wp\/v2\/pages\/131"}],"wp:attachment":[{"href":"https:\/\/cooperativacemcop.com\/site\/wp-json\/wp\/v2\/media?parent=136"}],"curies":[{"name":"wp","href":"https:\/\/api.w.org\/{rel}","templated":true}]}}