{"id":138,"date":"2020-05-26T15:09:19","date_gmt":"2020-05-26T15:09:19","guid":{"rendered":"https:\/\/www.cooperativacemcop.com\/site\/?page_id=138"},"modified":"2026-02-16T13:46:32","modified_gmt":"2026-02-16T13:46:32","slug":"vida","status":"publish","type":"page","link":"https:\/\/cooperativacemcop.com\/site\/seguros-y-polizas\/vida\/","title":{"rendered":"Vida"},"content":{"rendered":"<div class=\"wpb-content-wrapper\"><p>[vc_section full_width=\u00bbstretch_row_content\u00bb content_placement=\u00bbbottom\u00bb el_class=\u00bbheader_page\u00bb css=\u00bb.vc_custom_1590772919584{background-image: url(https:\/\/www.cooperativacemcop.com\/site\/wp-content\/uploads\/2020\/05\/banner_sin_filtro-2.jpg?id=307) !important;}\u00bb][vc_row full_width=\u00bbstretch_row_content_no_spaces\u00bb content_placement=\u00bbmiddle\u00bb el_class=\u00bbfiltro azul\u00bb css=\u00bb.vc_custom_1590772223312{padding-top: 30px !important;padding-bottom: 30px !important;}\u00bb][vc_column][vc_row_inner content_placement=\u00bbmiddle\u00bb el_class=\u00bbcontainer titulo_principal\u00bb][vc_column_inner width=\u00bb1\/2&#8243;][vc_single_image image=\u00bb281&#8243; img_size=\u00bbfull\u00bb][\/vc_column_inner][vc_column_inner width=\u00bb1\/2&#8243;][vc_custom_heading text=\u00bbSeguros y p\u00f3lizas &#8211; Vida\u00bb font_container=\u00bbtag:h2|text_align:center|color:%23ffffff\u00bb use_theme_fonts=\u00bbyes\u00bb css_animation=\u00bbnone\u00bb][\/vc_column_inner][\/vc_row_inner][vc_row_inner el_class=\u00bbcontainer\u00bb][vc_column_inner][vc_column_text css_animation=\u00bbnone\u00bb]<\/p>\n<p style=\"text-align: center;\">En la vida existen hechos imprevistos que pueden dejarnos desprotegidos en cualquier momento.<\/p>\n<p>[\/vc_column_text][\/vc_column_inner][\/vc_row_inner][\/vc_column][\/vc_row][\/vc_section][vc_section full_width=\u00bbstretch_row_content\u00bb el_class=\u00bbsection_full_gris\u00bb][vc_row el_class=\u00bbcontainer padding-0&#8243; css=\u00bb.vc_custom_1590770526085{padding-top: 30px !important;padding-bottom: 0px !important;}\u00bb][vc_column][vc_row_inner][vc_column_inner][vc_column_text css_animation=\u00bbfadeInUp\u00bb]<strong>En alianza con AON, tenemos el beneficio de una p\u00f3liza de vida de SURA que te protege en caso de:<\/strong><\/p>\n<p>&#8211; La opci\u00f3n de acceder a una renta cl\u00ednica por hospitalizaci\u00f3n.<\/p>\n<p>&#8211; Si a causa de una enfermedad te hospitalizan.<\/p>\n<p>&#8211; Si te diagnostican una enfermedad grave amparada en nuestra p\u00f3liza.[\/vc_column_text][\/vc_column_inner][\/vc_row_inner][\/vc_column][\/vc_row][\/vc_section][vc_section full_width=\u00bbstretch_row_content\u00bb content_placement=\u00bbbottom\u00bb el_class=\u00bbsection_full_gris abajo\u00bb css=\u00bb.vc_custom_1590770183033{margin-bottom: 10px !important;}\u00bb][vc_row content_placement=\u00bbbottom\u00bb el_class=\u00bbcontainer padding-0&#8243; css=\u00bb.vc_custom_1590769756290{padding-top: 30px !important;padding-bottom: 40px !important;}\u00bb][vc_column width=\u00bb1\/2&#8243;][vc_row_inner content_placement=\u00bbbottom\u00bb][vc_column_inner][vc_column_text css_animation=\u00bbfadeInUp\u00bb]<strong>Ampl\u00eda toda la informaci\u00f3n con:<\/strong><br \/>\n<strong>Carlos Alvarado<\/strong><br \/>\n<strong>Asesor de Seguros<\/strong><br \/>\n<strong>seguroscemcop@aon.com<\/strong><br \/>\n<strong>Tel\u00e9fono: 4890582 Ext 6764<\/strong><br \/>\n<strong>Celular: 317 6551204<\/strong><\/p>\n<p>HORARIO DE ATENCI\u00d3N OFICINAS CEMCOP:<br \/>\nLunes a Viernes<br \/>\n8:00am a 12:00m y de 1:00pm a 4:00pm[\/vc_column_text][\/vc_column_inner][\/vc_row_inner][\/vc_column][vc_column width=\u00bb1\/2&#8243;][vc_single_image image=\u00bb269&#8243; img_size=\u00bbfull\u00bb alignment=\u00bbcenter\u00bb][\/vc_column][\/vc_row][\/vc_section]<\/p>\n<\/div>","protected":false},"excerpt":{"rendered":"<p>[vc_section full_width=\u00bbstretch_row_content\u00bb content_placement=\u00bbbottom\u00bb el_class=\u00bbheader_page\u00bb css=\u00bb.vc_custom_1590772919584{background-image: url(https:\/\/www.cooperativacemcop.com\/site\/wp-content\/uploads\/2020\/05\/banner_sin_filtro-2.jpg?id=307) !important;}\u00bb][vc_row full_width=\u00bbstretch_row_content_no_spaces\u00bb content_placement=\u00bbmiddle\u00bb el_class=\u00bbfiltro azul\u00bb css=\u00bb.vc_custom_1590772223312{padding-top: 30px !important;padding-bottom: 30px [&hellip;]<\/p>\n","protected":false},"author":1,"featured_media":0,"parent":131,"menu_order":0,"comment_status":"closed","ping_status":"closed","template":"","meta":{"_acf_changed":false,"footnotes":""},"acf":[],"_links":{"self":[{"href":"https:\/\/cooperativacemcop.com\/site\/wp-json\/wp\/v2\/pages\/138"}],"collection":[{"href":"https:\/\/cooperativacemcop.com\/site\/wp-json\/wp\/v2\/pages"}],"about":[{"href":"https:\/\/cooperativacemcop.com\/site\/wp-json\/wp\/v2\/types\/page"}],"author":[{"embeddable":true,"href":"https:\/\/cooperativacemcop.com\/site\/wp-json\/wp\/v2\/users\/1"}],"replies":[{"embeddable":true,"href":"https:\/\/cooperativacemcop.com\/site\/wp-json\/wp\/v2\/comments?post=138"}],"version-history":[{"count":3,"href":"https:\/\/cooperativacemcop.com\/site\/wp-json\/wp\/v2\/pages\/138\/revisions"}],"predecessor-version":[{"id":3621,"href":"https:\/\/cooperativacemcop.com\/site\/wp-json\/wp\/v2\/pages\/138\/revisions\/3621"}],"up":[{"embeddable":true,"href":"https:\/\/cooperativacemcop.com\/site\/wp-json\/wp\/v2\/pages\/131"}],"wp:attachment":[{"href":"https:\/\/cooperativacemcop.com\/site\/wp-json\/wp\/v2\/media?parent=138"}],"curies":[{"name":"wp","href":"https:\/\/api.w.org\/{rel}","templated":true}]}}