{"id":63,"date":"2020-05-26T14:37:44","date_gmt":"2020-05-26T14:37:44","guid":{"rendered":"https:\/\/www.cooperativacemcop.com\/site\/?page_id=63"},"modified":"2024-09-09T13:56:25","modified_gmt":"2024-09-09T13:56:25","slug":"inversion","status":"publish","type":"page","link":"https:\/\/cooperativacemcop.com\/site\/ahorros-e-inversiones\/inversion\/","title":{"rendered":"Inversi\u00f3n"},"content":{"rendered":"<div class=\"wpb-content-wrapper\"><p>[vc_section full_width=\u00bbstretch_row_content\u00bb content_placement=\u00bbbottom\u00bb el_class=\u00bbheader_page\u00bb css=\u00bb.vc_custom_1590770977696{background-image: url(https:\/\/www.cooperativacemcop.com\/site\/wp-content\/uploads\/2020\/05\/cdat_banner_sin_banner.jpg?id=288) !important;}\u00bb][vc_row full_width=\u00bbstretch_row_content_no_spaces\u00bb content_placement=\u00bbmiddle\u00bb el_class=\u00bbfiltro naranja\u00bb css=\u00bb.vc_custom_1590771049632{padding-top: 30px !important;padding-bottom: 30px !important;}\u00bb][vc_column][vc_row_inner content_placement=\u00bbmiddle\u00bb el_class=\u00bbcontainer titulo_principal\u00bb][vc_column_inner width=\u00bb1\/2&#8243;][vc_single_image image=\u00bb286&#8243; img_size=\u00bbfull\u00bb][\/vc_column_inner][vc_column_inner width=\u00bb1\/2&#8243;][vc_custom_heading text=\u00bbCDAT\u00bb font_container=\u00bbtag:h2|text_align:center|color:%23ffffff\u00bb use_theme_fonts=\u00bbyes\u00bb css_animation=\u00bbnone\u00bb][\/vc_column_inner][\/vc_row_inner][vc_row_inner el_class=\u00bbcontainer\u00bb][vc_column_inner][\/vc_column_inner][\/vc_row_inner][\/vc_column][\/vc_row][\/vc_section][vc_section][vc_row][vc_column][vc_column_text css_animation=\u00bbnone\u00bb]<\/p>\n<p style=\"text-align: center;\"><strong>CDAT:<\/strong> Con el dinero no se juega&#8230; se invierte. Aprovecha nuestras nuevas tasas de CDAT\u2019S e invierte de una forma segura y rentable.<\/p>\n<p style=\"text-align: center;\"><img loading=\"lazy\" decoding=\"async\" class=\"alignnone wp-image-3069\" src=\"https:\/\/cooperativacemcop.com\/site\/wp-content\/uploads\/2024\/04\/Logos-Fogacoop-horizontal.p-300x63.png\" alt=\"\" width=\"186\" height=\"39\" srcset=\"https:\/\/cooperativacemcop.com\/site\/wp-content\/uploads\/2024\/04\/Logos-Fogacoop-horizontal.p-300x63.png 300w, https:\/\/cooperativacemcop.com\/site\/wp-content\/uploads\/2024\/04\/Logos-Fogacoop-horizontal.p-768x160.png 768w, https:\/\/cooperativacemcop.com\/site\/wp-content\/uploads\/2024\/04\/Logos-Fogacoop-horizontal.p-24x5.png 24w, https:\/\/cooperativacemcop.com\/site\/wp-content\/uploads\/2024\/04\/Logos-Fogacoop-horizontal.p-48x10.png 48w, https:\/\/cooperativacemcop.com\/site\/wp-content\/uploads\/2024\/04\/Logos-Fogacoop-horizontal.p-50x10.png 50w, https:\/\/cooperativacemcop.com\/site\/wp-content\/uploads\/2024\/04\/Logos-Fogacoop-horizontal.p.png 931w\" sizes=\"(max-width: 186px) 100vw, 186px\" \/><\/p>\n<p>[\/vc_column_text][\/vc_column][\/vc_row][\/vc_section][vc_section full_width=\u00bbstretch_row_content\u00bb content_placement=\u00bbbottom\u00bb el_class=\u00bbheader_page\u00bb css=\u00bb.vc_custom_1590770997909{background-image: url(https:\/\/www.cooperativacemcop.com\/site\/wp-content\/uploads\/2020\/05\/cav_sin_filtro.jpg?id=289) !important;}\u00bb][vc_row full_width=\u00bbstretch_row_content_no_spaces\u00bb content_placement=\u00bbmiddle\u00bb el_class=\u00bbfiltro naranja\u00bb css=\u00bb.vc_custom_1590771057035{padding-top: 30px !important;padding-bottom: 30px !important;}\u00bb][vc_column][vc_row_inner content_placement=\u00bbmiddle\u00bb el_class=\u00bbcontainer titulo_principal\u00bb][vc_column_inner width=\u00bb1\/2&#8243;][vc_single_image image=\u00bb286&#8243; img_size=\u00bbfull\u00bb][\/vc_column_inner][vc_column_inner width=\u00bb1\/2&#8243;][vc_custom_heading text=\u00bbCAV\u00bb font_container=\u00bbtag:h2|text_align:center|color:%23ffffff\u00bb use_theme_fonts=\u00bbyes\u00bb css_animation=\u00bbnone\u00bb][\/vc_column_inner][\/vc_row_inner][vc_row_inner el_class=\u00bbcontainer\u00bb][vc_column_inner][\/vc_column_inner][\/vc_row_inner][\/vc_column][\/vc_row][\/vc_section][vc_section][vc_row][vc_column][vc_column_text css_animation=\u00bbnone\u00bb]<span style=\"font-family: helvetica;\">Certificado de ahorro a la vista, despu\u00e9s del vencimiento este t\u00edtulo sigue generando intereses y puede ser retirado en cualquier momento. El plazo<\/span><br \/>\n<span style=\"font-family: helvetica;\">m\u00ednimo desde cinco d\u00edas. <strong>Monto m\u00ednimo: $1.000.000= (Un mill\u00f3n de pesos m\/cte).<\/strong><\/span><\/p>\n<p style=\"text-align: center;\"><img loading=\"lazy\" decoding=\"async\" class=\"alignnone wp-image-3069\" src=\"https:\/\/cooperativacemcop.com\/site\/wp-content\/uploads\/2024\/04\/Logos-Fogacoop-horizontal.p-300x63.png\" alt=\"\" width=\"252\" height=\"53\" srcset=\"https:\/\/cooperativacemcop.com\/site\/wp-content\/uploads\/2024\/04\/Logos-Fogacoop-horizontal.p-300x63.png 300w, https:\/\/cooperativacemcop.com\/site\/wp-content\/uploads\/2024\/04\/Logos-Fogacoop-horizontal.p-768x160.png 768w, https:\/\/cooperativacemcop.com\/site\/wp-content\/uploads\/2024\/04\/Logos-Fogacoop-horizontal.p-24x5.png 24w, https:\/\/cooperativacemcop.com\/site\/wp-content\/uploads\/2024\/04\/Logos-Fogacoop-horizontal.p-48x10.png 48w, https:\/\/cooperativacemcop.com\/site\/wp-content\/uploads\/2024\/04\/Logos-Fogacoop-horizontal.p-50x10.png 50w, https:\/\/cooperativacemcop.com\/site\/wp-content\/uploads\/2024\/04\/Logos-Fogacoop-horizontal.p.png 931w\" sizes=\"(max-width: 252px) 100vw, 252px\" \/><\/p>\n<p>[\/vc_column_text][\/vc_column][\/vc_row][vc_row][vc_column][\/vc_column][\/vc_row][\/vc_section][vc_section full_width=\u00bbstretch_row_content\u00bb content_placement=\u00bbbottom\u00bb el_class=\u00bbsection_full_gris abajo\u00bb css=\u00bb.vc_custom_1590770183033{margin-bottom: 10px !important;}\u00bb][vc_row content_placement=\u00bbbottom\u00bb el_class=\u00bbcontainer padding-0&#8243; css=\u00bb.vc_custom_1590769756290{padding-top: 30px !important;padding-bottom: 40px !important;}\u00bb][vc_column width=\u00bb1\/2&#8243;][vc_row_inner content_placement=\u00bbbottom\u00bb][vc_column_inner][vc_column_text css_animation=\u00bbfadeInUp\u00bb]<strong>CONSULTA NUESTRAS TASAS VIGENTES\u00a0<\/strong><\/p>\n<p><strong>Jenifer Paola C\u00e1rdenas Rocha<\/strong><br \/>\n<strong>cajatesoreria@cemcop.net<\/strong><br \/>\n<strong>(602) 4890582 Ext 6606<\/strong><\/p>\n<p>HORARIO DE ATENCI\u00d3N OFICINAS CEMCOP:<br \/>\nLunes a Viernes<br \/>\n8:00am a 12:00m y de 1:00pm a 4:00pm[\/vc_column_text][\/vc_column_inner][\/vc_row_inner][\/vc_column][vc_column width=\u00bb1\/2&#8243;][vc_single_image image=\u00bb269&#8243; img_size=\u00bbfull\u00bb alignment=\u00bbcenter\u00bb][\/vc_column][\/vc_row][\/vc_section]<\/p>\n<\/div>","protected":false},"excerpt":{"rendered":"<p>[vc_section full_width=\u00bbstretch_row_content\u00bb content_placement=\u00bbbottom\u00bb el_class=\u00bbheader_page\u00bb css=\u00bb.vc_custom_1590770977696{background-image: url(https:\/\/www.cooperativacemcop.com\/site\/wp-content\/uploads\/2020\/05\/cdat_banner_sin_banner.jpg?id=288) !important;}\u00bb][vc_row full_width=\u00bbstretch_row_content_no_spaces\u00bb content_placement=\u00bbmiddle\u00bb el_class=\u00bbfiltro naranja\u00bb css=\u00bb.vc_custom_1590771049632{padding-top: 30px !important;padding-bottom: 30px [&hellip;]<\/p>\n","protected":false},"author":1,"featured_media":0,"parent":57,"menu_order":0,"comment_status":"closed","ping_status":"closed","template":"","meta":{"_acf_changed":false,"footnotes":""},"acf":[],"_links":{"self":[{"href":"https:\/\/cooperativacemcop.com\/site\/wp-json\/wp\/v2\/pages\/63"}],"collection":[{"href":"https:\/\/cooperativacemcop.com\/site\/wp-json\/wp\/v2\/pages"}],"about":[{"href":"https:\/\/cooperativacemcop.com\/site\/wp-json\/wp\/v2\/types\/page"}],"author":[{"embeddable":true,"href":"https:\/\/cooperativacemcop.com\/site\/wp-json\/wp\/v2\/users\/1"}],"replies":[{"embeddable":true,"href":"https:\/\/cooperativacemcop.com\/site\/wp-json\/wp\/v2\/comments?post=63"}],"version-history":[{"count":9,"href":"https:\/\/cooperativacemcop.com\/site\/wp-json\/wp\/v2\/pages\/63\/revisions"}],"predecessor-version":[{"id":3231,"href":"https:\/\/cooperativacemcop.com\/site\/wp-json\/wp\/v2\/pages\/63\/revisions\/3231"}],"up":[{"embeddable":true,"href":"https:\/\/cooperativacemcop.com\/site\/wp-json\/wp\/v2\/pages\/57"}],"wp:attachment":[{"href":"https:\/\/cooperativacemcop.com\/site\/wp-json\/wp\/v2\/media?parent=63"}],"curies":[{"name":"wp","href":"https:\/\/api.w.org\/{rel}","templated":true}]}}