{"id":92,"date":"2020-05-26T14:55:15","date_gmt":"2020-05-26T14:55:15","guid":{"rendered":"https:\/\/www.cooperativacemcop.com\/site\/?page_id=92"},"modified":"2020-09-10T16:29:31","modified_gmt":"2020-09-10T16:29:31","slug":"vivienda","status":"publish","type":"page","link":"https:\/\/cooperativacemcop.com\/site\/creditos\/vivienda\/","title":{"rendered":"Vivienda"},"content":{"rendered":"<div class=\"wpb-content-wrapper\"><p>[vc_section full_width=\u00bbstretch_row_content\u00bb content_placement=\u00bbbottom\u00bb el_class=\u00bbheader_page\u00bb css=\u00bb.vc_custom_1591028847273{background-image: url(https:\/\/www.cooperativacemcop.com\/site\/wp-content\/uploads\/2020\/06\/banner_sin_filtro-2.jpg?id=345) !important;}\u00bb][vc_row full_width=\u00bbstretch_row_content_no_spaces\u00bb content_placement=\u00bbmiddle\u00bb el_class=\u00bbfiltro verde\u00bb css=\u00bb.vc_custom_1591024829329{padding-top: 30px !important;padding-bottom: 30px !important;}\u00bb][vc_column][vc_row_inner content_placement=\u00bbmiddle\u00bb el_class=\u00bbcontainer titulo_principal\u00bb][vc_column_inner width=\u00bb1\/2&#8243;][vc_single_image image=\u00bb333&#8243; img_size=\u00bbfull\u00bb][\/vc_column_inner][vc_column_inner width=\u00bb1\/2&#8243;][vc_custom_heading text=\u00bbCr\u00e9dito &#8211; Vivienda\u00bb font_container=\u00bbtag:h2|text_align:center|color:%23ffffff\u00bb use_theme_fonts=\u00bbyes\u00bb css_animation=\u00bbnone\u00bb][\/vc_column_inner][\/vc_row_inner][vc_row_inner el_class=\u00bbcontainer\u00bb][vc_column_inner][vc_column_text css_animation=\u00bbnone\u00bb]En CEMCOP cuentas con diferentes l\u00edneas de cr\u00e9dito que se adaptan a tus necesidades con tasas muy competitivas.<br \/>\nReparaciones o ampliaciones Locativas, compra de lote, cuota inicial de cr\u00e9dito y dem\u00e1s adecuaciones referentes a la compra, proyecto de construcci\u00f3n de vivienda o lote.[\/vc_column_text][\/vc_column_inner][\/vc_row_inner][\/vc_column][\/vc_row][\/vc_section][vc_section full_width=\u00bbstretch_row_content\u00bb el_class=\u00bbbackground_right_full\u00bb css=\u00bb.vc_custom_1591028805124{background-image: url(https:\/\/www.cooperativacemcop.com\/site\/wp-content\/uploads\/2020\/06\/banner_arquitectura.jpg?id=344) !important;}\u00bb][vc_row el_class=\u00bbcontainer padding-0&#8243;][vc_column width=\u00bb5\/12&#8243;][vc_column_text css_animation=\u00bbfadeInUp\u00bb css=\u00bb.vc_custom_1591029077425{padding-top: 50px !important;padding-bottom: 30px !important;}\u00bb]<strong>DESTINO:<\/strong><\/p>\n<p>Reparaciones, adecuaciones o ampliaciones locativas, compra de lote, cuota inicial del precio.<\/p>\n<p><strong>MONTO M\u00c1XIMO:<\/strong><\/p>\n<p>De acuerdo con capacidad de pago y\/o descuento, sin exceder el 100% del presupuesto de la obra.<\/p>\n<p><strong>PLAZO:<\/strong><\/p>\n<p>Hasta 60 meses<\/p>\n<p><strong>REQUISITOS:<\/strong><\/p>\n<p>Requisitos generales.<\/p>\n<p>&#8211; Para reparaciones y mejoras: Certificado de tradici\u00f3n no &gt; 1 mes, contrato de obra o presupuesto.<\/p>\n<p>&#8211; Para ampliaci\u00f3n locativa: licencia de la curadur\u00eda urbana o autoridad competente, si legalmente hay lugar.<\/p>\n<p>&#8211; Para compra de lote: promesa de compra-venta y certificado de tradici\u00f3n no &gt;1 mes.<\/p>\n<p>&#8211; Para cuota inicial: documentos soporte del negocio.[\/vc_column_text][\/vc_column][vc_column width=\u00bb1\/12&#8243;][\/vc_column][vc_column width=\u00bb1\/2&#8243;][\/vc_column][\/vc_row][\/vc_section][vc_section full_width=\u00bbstretch_row_content\u00bb el_class=\u00bbsection_full_gris\u00bb css=\u00bb.vc_custom_1591029106154{background-color: #eeeeee !important;}\u00bb][vc_row el_class=\u00bbcontainer padding-0&#8243; css=\u00bb.vc_custom_1590770526085{padding-top: 30px !important;padding-bottom: 0px !important;}\u00bb][vc_column][vc_row_inner][vc_column_inner][vc_column_text css_animation=\u00bbfadeInUp\u00bb]<strong>L\u00cdNEA:<\/strong><\/p>\n<p><strong>VIVIENDA COMPLEMENTO<\/strong><\/p>\n<p><strong>DESTINO:<\/strong><\/p>\n<p>Como complemento de cr\u00e9dito hipotecario de consumo vivienda con CEMCOP, para completar el porcentaje no financiado por la l\u00ednea de cr\u00e9dito hipotecario de consumo vivienda, compra de lote, cuota inicial y construcci\u00f3n de vivienda, siempre que la fuente de pago sea el descuento por nomina.<\/p>\n<p><strong>MONTO M\u00c1XIMO:<\/strong><\/p>\n<p>De acuerdo con capacidad de pago y\/o descuento, sin exceder el 30% del valor de la vivienda NO VIS y del 20% de la VIS.<\/p>\n<p><strong>PLAZO:<\/strong><\/p>\n<p>Hasta 120 meses<\/p>\n<p><strong>REQUISITOS:<\/strong><\/p>\n<p>Generales<br \/>\n&#8211; Requisitos del cr\u00e9dito de hipotecario de consumo vivienda.<\/p>\n<p>&#8211; Para construcci\u00f3n de vivienda: licencia de la curadur\u00eda urbana o autoridad competente.<\/p>\n<p>&#8211; Para compra de lote: promesa de compra-venta y certificado de tradici\u00f3n no &gt;1 mes.[\/vc_column_text][vc_column_text css_animation=\u00bbfadeInUp\u00bb]<\/p>\n<p style=\"text-align: center;\"><strong>Consulta los requisitos de esta l\u00ednea en el men\u00fa Reglamentos.<\/strong><\/p>\n<p>[\/vc_column_text][\/vc_column_inner][\/vc_row_inner][\/vc_column][\/vc_row][\/vc_section][vc_section full_width=\u00bbstretch_row_content\u00bb content_placement=\u00bbbottom\u00bb el_class=\u00bbsection_full_gris abajo\u00bb css=\u00bb.vc_custom_1590770183033{margin-bottom: 10px !important;}\u00bb][vc_row content_placement=\u00bbbottom\u00bb el_class=\u00bbcontainer padding-0&#8243; css=\u00bb.vc_custom_1590769756290{padding-top: 30px !important;padding-bottom: 40px !important;}\u00bb][vc_column width=\u00bb1\/2&#8243;][vc_row_inner content_placement=\u00bbbottom\u00bb][vc_column_inner][vc_column_text css_animation=\u00bbfadeInUp\u00bb]<\/p>\n<div data-pm-slice=\"1 1 []\" data-en-clipboard=\"true\"><b>Ampl\u00eda toda la informaci\u00f3n con:<\/b><\/div>\n<div>Yina Solarte Meneses<\/div>\n<div><a href=\"mailto:creditos@cemcop.net\">creditos@cemcop.net<\/a><\/div>\n<div>4890582 Ext 6547<\/div>\n<div>Celular: 3215157905<\/div>\n<div><\/div>\n<div><b>HORARIO DE ATENCI\u00d3N OFICINAS CEMCOP:<\/b><\/div>\n<div><b>Lunes a Viernes<\/b><\/div>\n<div><b>8:00am a 12:00m y de 1:00pm a 4:00pm<\/b><\/div>\n<p>[\/vc_column_text][\/vc_column_inner][\/vc_row_inner][\/vc_column][vc_column width=\u00bb1\/2&#8243;][vc_single_image image=\u00bb269&#8243; img_size=\u00bbfull\u00bb alignment=\u00bbcenter\u00bb][\/vc_column][\/vc_row][\/vc_section]<\/p>\n<\/div>","protected":false},"excerpt":{"rendered":"<p>[vc_section full_width=\u00bbstretch_row_content\u00bb content_placement=\u00bbbottom\u00bb el_class=\u00bbheader_page\u00bb css=\u00bb.vc_custom_1591028847273{background-image: url(https:\/\/www.cooperativacemcop.com\/site\/wp-content\/uploads\/2020\/06\/banner_sin_filtro-2.jpg?id=345) !important;}\u00bb][vc_row full_width=\u00bbstretch_row_content_no_spaces\u00bb content_placement=\u00bbmiddle\u00bb el_class=\u00bbfiltro verde\u00bb css=\u00bb.vc_custom_1591024829329{padding-top: 30px !important;padding-bottom: 30px [&hellip;]<\/p>\n","protected":false},"author":1,"featured_media":0,"parent":90,"menu_order":0,"comment_status":"closed","ping_status":"closed","template":"","meta":{"_acf_changed":false,"footnotes":""},"acf":[],"_links":{"self":[{"href":"https:\/\/cooperativacemcop.com\/site\/wp-json\/wp\/v2\/pages\/92"}],"collection":[{"href":"https:\/\/cooperativacemcop.com\/site\/wp-json\/wp\/v2\/pages"}],"about":[{"href":"https:\/\/cooperativacemcop.com\/site\/wp-json\/wp\/v2\/types\/page"}],"author":[{"embeddable":true,"href":"https:\/\/cooperativacemcop.com\/site\/wp-json\/wp\/v2\/users\/1"}],"replies":[{"embeddable":true,"href":"https:\/\/cooperativacemcop.com\/site\/wp-json\/wp\/v2\/comments?post=92"}],"version-history":[{"count":0,"href":"https:\/\/cooperativacemcop.com\/site\/wp-json\/wp\/v2\/pages\/92\/revisions"}],"up":[{"embeddable":true,"href":"https:\/\/cooperativacemcop.com\/site\/wp-json\/wp\/v2\/pages\/90"}],"wp:attachment":[{"href":"https:\/\/cooperativacemcop.com\/site\/wp-json\/wp\/v2\/media?parent=92"}],"curies":[{"name":"wp","href":"https:\/\/api.w.org\/{rel}","templated":true}]}}