{"id":94,"date":"2020-05-26T14:55:31","date_gmt":"2020-05-26T14:55:31","guid":{"rendered":"https:\/\/www.cooperativacemcop.com\/site\/?page_id=94"},"modified":"2023-06-30T20:07:10","modified_gmt":"2023-06-30T20:07:10","slug":"vehiculo","status":"publish","type":"page","link":"https:\/\/cooperativacemcop.com\/site\/creditos\/vehiculo\/","title":{"rendered":"Veh\u00edculo"},"content":{"rendered":"<div class=\"wpb-content-wrapper\"><p>[vc_section full_width=\u00bbstretch_row_content\u00bb content_placement=\u00bbbottom\u00bb el_class=\u00bbheader_page\u00bb css=\u00bb.vc_custom_1591216051204{background-image: url(https:\/\/www.cooperativacemcop.com\/site\/wp-content\/uploads\/2020\/06\/vehiculos.jpg?id=475) !important;}\u00bb][vc_row full_width=\u00bbstretch_row_content_no_spaces\u00bb content_placement=\u00bbmiddle\u00bb el_class=\u00bbfiltro verde\u00bb css=\u00bb.vc_custom_1591024829329{padding-top: 30px !important;padding-bottom: 30px !important;}\u00bb][vc_column][vc_row_inner content_placement=\u00bbmiddle\u00bb el_class=\u00bbcontainer titulo_principal\u00bb][vc_column_inner width=\u00bb1\/2&#8243;][vc_single_image image=\u00bb333&#8243; img_size=\u00bbfull\u00bb][\/vc_column_inner][vc_column_inner width=\u00bb1\/2&#8243;][vc_custom_heading text=\u00bbCr\u00e9dito &#8211; Veh\u00edculo\u00bb font_container=\u00bbtag:h2|text_align:center|color:%23ffffff\u00bb use_theme_fonts=\u00bbyes\u00bb css_animation=\u00bbnone\u00bb][\/vc_column_inner][\/vc_row_inner][vc_row_inner el_class=\u00bbcontainer\u00bb][vc_column_inner][vc_column_text css_animation=\u00bbnone\u00bb]<\/p>\n<p style=\"text-align: left;\">En CEMCOP cuentas con diferentes l\u00edneas de cr\u00e9dito que se adaptan a tus necesidades con tasas muy competitivas.<br \/>\nCompra de Carro o moto (nuevo o usado), pago de obligaciones financieras por concepto de cr\u00e9dito de veh\u00edculo. Se presta el 100% del valor comercial.[\/vc_column_text][\/vc_column_inner][\/vc_row_inner][\/vc_column][\/vc_row][\/vc_section][vc_section full_width=\u00bbstretch_row_content\u00bb el_class=\u00bbsection_full_gris\u00bb][vc_row el_class=\u00bbcontainer padding-0&#8243; css=\u00bb.vc_custom_1590770526085{padding-top: 30px !important;padding-bottom: 0px !important;}\u00bb][vc_column][vc_row_inner][vc_column_inner][vc_column_text css_animation=\u00bbfadeInUp\u00bb]<strong>DESTINO:<\/strong><\/p>\n<p>Compra de veh\u00edculo (carro o moto) nuevo o usado o pago de obligaciones financieras por concepto de cr\u00e9dito de veh\u00edculo.<\/p>\n<p><strong>MONTO:<\/strong><\/p>\n<p>De acuerdo con capacidad de pago y\/o descuento, sin exceder el 100% del valor comercial ni del valor asegurable. Para veh\u00edculos particulares, si el cr\u00e9dito no es con fuente de pago descuento por nomina, el monto no podr\u00e1 exceder el 70% para veh\u00edculos usados y el 80% para veh\u00edculos nuevos del valor asegurable, en ambos casos.<\/p>\n<p>Para veh\u00edculos de servicio p\u00fablico, si el cr\u00e9dito no es con fuente de pago descuento por nomina, el monto no podr\u00e1 exceder el 50% para veh\u00edculos usados y el 70% para veh\u00edculos nuevos del valor asegurable, en ambos casos.<\/p>\n<p><strong>PLAZO:<\/strong><\/p>\n<p>Hasta 60 meses.<\/p>\n<p><strong>REQUISITOS:<\/strong><\/p>\n<p>&#8211; Requisitos Generales.<\/p>\n<p>&#8211; Anexar contrato de Compra Venta o factura proforma expedida por el concesionario.<\/p>\n<p>&#8211; Pignoraci\u00f3n a CEMCOP.<\/p>\n<p>&#8211; Seguro de Veh\u00edculo siendo beneficiario CEMCOP.<\/p>\n<p>-En caso de compra de cartera (pago de cr\u00e9dito sobre veh\u00edculo) solo se exigir\u00e1 certificado de tradici\u00f3n no mayor a 30 d\u00edas.[\/vc_column_text][\/vc_column_inner][\/vc_row_inner][\/vc_column][\/vc_row][\/vc_section][vc_section full_width=\u00bbstretch_row_content\u00bb content_placement=\u00bbbottom\u00bb el_class=\u00bbsection_full_gris abajo\u00bb css=\u00bb.vc_custom_1590770183033{margin-bottom: 10px !important;}\u00bb][vc_row content_placement=\u00bbbottom\u00bb el_class=\u00bbcontainer padding-0&#8243; css=\u00bb.vc_custom_1590769756290{padding-top: 30px !important;padding-bottom: 40px !important;}\u00bb][vc_column width=\u00bb1\/2&#8243;][vc_row_inner content_placement=\u00bbbottom\u00bb][vc_column_inner][vc_column_text css_animation=\u00bbfadeInUp\u00bb]<\/p>\n<div data-pm-slice=\"1 1 []\" data-en-clipboard=\"true\"><b>Ampl\u00eda toda la informaci\u00f3n con:<\/b><\/div>\n<div>Yina Solarte Meneses<\/div>\n<div><a href=\"mailto:creditos@cemcop.net\">creditos@cemcop.net<\/a><\/div>\n<div>4890582 Ext 6547<\/div>\n<div>Celular: 3215157905<\/div>\n<div><\/div>\n<div><b>HORARIO DE ATENCI\u00d3N OFICINAS CEMCOP:<\/b><\/div>\n<div><b>Lunes a Viernes<\/b><\/div>\n<div><b>8:00am a 12:00m y de 1:00pm a 4:00pm<\/b><\/div>\n<p>[\/vc_column_text][\/vc_column_inner][\/vc_row_inner][\/vc_column][vc_column width=\u00bb1\/2&#8243;][vc_single_image image=\u00bb269&#8243; img_size=\u00bbfull\u00bb alignment=\u00bbcenter\u00bb][\/vc_column][\/vc_row][\/vc_section]<\/p>\n<\/div>","protected":false},"excerpt":{"rendered":"<p>[vc_section full_width=\u00bbstretch_row_content\u00bb content_placement=\u00bbbottom\u00bb el_class=\u00bbheader_page\u00bb css=\u00bb.vc_custom_1591216051204{background-image: url(https:\/\/www.cooperativacemcop.com\/site\/wp-content\/uploads\/2020\/06\/vehiculos.jpg?id=475) !important;}\u00bb][vc_row full_width=\u00bbstretch_row_content_no_spaces\u00bb content_placement=\u00bbmiddle\u00bb el_class=\u00bbfiltro verde\u00bb css=\u00bb.vc_custom_1591024829329{padding-top: 30px !important;padding-bottom: 30px [&hellip;]<\/p>\n","protected":false},"author":1,"featured_media":0,"parent":90,"menu_order":0,"comment_status":"closed","ping_status":"closed","template":"","meta":{"_acf_changed":false,"footnotes":""},"acf":[],"_links":{"self":[{"href":"https:\/\/cooperativacemcop.com\/site\/wp-json\/wp\/v2\/pages\/94"}],"collection":[{"href":"https:\/\/cooperativacemcop.com\/site\/wp-json\/wp\/v2\/pages"}],"about":[{"href":"https:\/\/cooperativacemcop.com\/site\/wp-json\/wp\/v2\/types\/page"}],"author":[{"embeddable":true,"href":"https:\/\/cooperativacemcop.com\/site\/wp-json\/wp\/v2\/users\/1"}],"replies":[{"embeddable":true,"href":"https:\/\/cooperativacemcop.com\/site\/wp-json\/wp\/v2\/comments?post=94"}],"version-history":[{"count":0,"href":"https:\/\/cooperativacemcop.com\/site\/wp-json\/wp\/v2\/pages\/94\/revisions"}],"up":[{"embeddable":true,"href":"https:\/\/cooperativacemcop.com\/site\/wp-json\/wp\/v2\/pages\/90"}],"wp:attachment":[{"href":"https:\/\/cooperativacemcop.com\/site\/wp-json\/wp\/v2\/media?parent=94"}],"curies":[{"name":"wp","href":"https:\/\/api.w.org\/{rel}","templated":true}]}}